{"id":497,"date":"2022-10-03T16:54:18","date_gmt":"2022-10-03T19:54:18","guid":{"rendered":"https:\/\/convision.cl\/corredores\/?page_id=497"},"modified":"2022-11-16T12:24:23","modified_gmt":"2022-11-16T15:24:23","slug":"nuestros-seguros","status":"publish","type":"page","link":"https:\/\/convision.cl\/corredores\/nuestros-seguros\/","title":{"rendered":"Nuestros Seguros"},"content":{"rendered":"\t\t<div data-elementor-type=\"wp-page\" data-elementor-id=\"497\" class=\"elementor elementor-497\" data-elementor-post-type=\"page\">\n\t\t\t\t\t\t<section class=\"elementor-section elementor-top-section elementor-element elementor-element-32d0291 elementor-section-height-min-height elementor-section-boxed elementor-section-height-default elementor-section-items-middle\" data-id=\"32d0291\" data-element_type=\"section\" data-e-type=\"section\" data-settings=\"{&quot;background_background&quot;:&quot;classic&quot;}\">\n\t\t\t\t\t\t\t<div class=\"elementor-background-overlay\"><\/div>\n\t\t\t\t\t\t\t<div class=\"elementor-container elementor-column-gap-default\">\n\t\t\t\t\t<div class=\"elementor-column elementor-col-100 elementor-top-column elementor-element elementor-element-24498e72\" data-id=\"24498e72\" data-element_type=\"column\" data-e-type=\"column\">\n\t\t\t<div class=\"elementor-widget-wrap elementor-element-populated\">\n\t\t\t\t\t\t<div class=\"elementor-element elementor-element-5cf18335 elementor-widget elementor-widget-heading\" data-id=\"5cf18335\" data-element_type=\"widget\" data-e-type=\"widget\" data-widget_type=\"heading.default\">\n\t\t\t\t<div class=\"elementor-widget-container\">\n\t\t\t\t\t<h1 class=\"elementor-heading-title elementor-size-default\">Nuestros Seguros<\/h1>\t\t\t\t<\/div>\n\t\t\t\t<\/div>\n\t\t\t\t\t<\/div>\n\t\t<\/div>\n\t\t\t\t\t<\/div>\n\t\t<\/section>\n\t\t\t\t<section class=\"elementor-section elementor-top-section elementor-element elementor-element-60354688 elementor-section-boxed elementor-section-height-default elementor-section-height-default\" data-id=\"60354688\" data-element_type=\"section\" data-e-type=\"section\">\n\t\t\t\t\t\t<div class=\"elementor-container elementor-column-gap-default\">\n\t\t\t\t\t<div class=\"elementor-column elementor-col-50 elementor-top-column elementor-element elementor-element-57d18f95\" data-id=\"57d18f95\" data-element_type=\"column\" data-e-type=\"column\">\n\t\t\t<div class=\"elementor-widget-wrap elementor-element-populated\">\n\t\t\t\t\t\t<div class=\"elementor-element elementor-element-18530d40 elementor-widget elementor-widget-heading\" data-id=\"18530d40\" data-element_type=\"widget\" data-e-type=\"widget\" data-widget_type=\"heading.default\">\n\t\t\t\t<div class=\"elementor-widget-container\">\n\t\t\t\t\t<h4 class=\"elementor-heading-title elementor-size-default\">Cubrimos todas tus necesidades<\/h4>\t\t\t\t<\/div>\n\t\t\t\t<\/div>\n\t\t\t\t<div class=\"elementor-element elementor-element-3dc805de elementor-widget elementor-widget-heading\" data-id=\"3dc805de\" data-element_type=\"widget\" data-e-type=\"widget\" data-widget_type=\"heading.default\">\n\t\t\t\t<div class=\"elementor-widget-container\">\n\t\t\t\t\t<h2 class=\"elementor-heading-title elementor-size-default\">Seguros para personas y empresas<\/h2>\t\t\t\t<\/div>\n\t\t\t\t<\/div>\n\t\t\t\t\t<\/div>\n\t\t<\/div>\n\t\t\t\t<div class=\"elementor-column elementor-col-50 elementor-top-column elementor-element elementor-element-1e284dcf\" data-id=\"1e284dcf\" data-element_type=\"column\" data-e-type=\"column\">\n\t\t\t<div class=\"elementor-widget-wrap elementor-element-populated\">\n\t\t\t\t\t\t<div class=\"elementor-element elementor-element-7d5c6b39 elementor-widget elementor-widget-text-editor\" data-id=\"7d5c6b39\" data-element_type=\"widget\" data-e-type=\"widget\" data-widget_type=\"text-editor.default\">\n\t\t\t\t<div class=\"elementor-widget-container\">\n\t\t\t\t\t\t\t\t\t<p><span style=\"font-weight: 400;\">Soluciones de Seguro para <\/span><span style=\"font-weight: 400;\"><b>PERSONAS y EMPRESAS <\/b><\/span><span style=\"font-weight: 400;\">bajo la premisa de la m\u00e1xima calidad de servicio y la innovaci\u00f3n permanente en nuestra oferta, adapt\u00e1ndonos a las necesidades de cada uno de nuestros clientes.\u00a0<\/span><\/p>\t\t\t\t\t\t\t\t<\/div>\n\t\t\t\t<\/div>\n\t\t\t\t\t<\/div>\n\t\t<\/div>\n\t\t\t\t\t<\/div>\n\t\t<\/section>\n\t\t\t\t<section class=\"elementor-section elementor-top-section elementor-element elementor-element-1ecf4fba elementor-section-boxed elementor-section-height-default elementor-section-height-default\" data-id=\"1ecf4fba\" data-element_type=\"section\" data-e-type=\"section\">\n\t\t\t\t\t\t<div class=\"elementor-container elementor-column-gap-default\">\n\t\t\t\t\t<div class=\"elementor-column elementor-col-100 elementor-top-column elementor-element elementor-element-7a123fea\" data-id=\"7a123fea\" data-element_type=\"column\" data-e-type=\"column\">\n\t\t\t<div class=\"elementor-widget-wrap elementor-element-populated\">\n\t\t\t\t\t\t<div class=\"elementor-element elementor-element-497e7ae elementor-posts--align-center elementor-grid-3 elementor-grid-tablet-2 elementor-grid-mobile-1 elementor-posts--thumbnail-top elementor-card-shadow-yes elementor-posts__hover-gradient elementor-widget elementor-widget-posts\" data-id=\"497e7ae\" data-element_type=\"widget\" data-e-type=\"widget\" data-settings=\"{&quot;cards_columns&quot;:&quot;3&quot;,&quot;cards_columns_tablet&quot;:&quot;2&quot;,&quot;cards_columns_mobile&quot;:&quot;1&quot;,&quot;cards_row_gap&quot;:{&quot;unit&quot;:&quot;px&quot;,&quot;size&quot;:35,&quot;sizes&quot;:[]},&quot;cards_row_gap_tablet&quot;:{&quot;unit&quot;:&quot;px&quot;,&quot;size&quot;:&quot;&quot;,&quot;sizes&quot;:[]},&quot;cards_row_gap_mobile&quot;:{&quot;unit&quot;:&quot;px&quot;,&quot;size&quot;:&quot;&quot;,&quot;sizes&quot;:[]}}\" data-widget_type=\"posts.cards\">\n\t\t\t\t<div class=\"elementor-widget-container\">\n\t\t\t\t\t\t\t<div class=\"elementor-posts-container elementor-posts elementor-posts--skin-cards elementor-grid\" role=\"list\">\n\t\t\t\t<article class=\"elementor-post elementor-grid-item post-333 post type-post status-publish format-standard has-post-thumbnail hentry category-empresas category-seguros\" role=\"listitem\">\n\t\t\t<div class=\"elementor-post__card\">\n\t\t\t\t<a class=\"elementor-post__thumbnail__link\" href=\"https:\/\/convision.cl\/corredores\/seguro-agricola\/\" tabindex=\"-1\" ><div class=\"elementor-post__thumbnail\"><img decoding=\"async\" width=\"300\" height=\"134\" src=\"https:\/\/convision.cl\/corredores\/wp-content\/uploads\/2022\/09\/seguro-agricola-1-300x134.jpg\" class=\"attachment-medium size-medium wp-image-334\" alt=\"\" srcset=\"https:\/\/convision.cl\/corredores\/wp-content\/uploads\/2022\/09\/seguro-agricola-1-300x134.jpg 300w, https:\/\/convision.cl\/corredores\/wp-content\/uploads\/2022\/09\/seguro-agricola-1.jpg 336w\" sizes=\"(max-width: 300px) 100vw, 300px\" \/><\/div><\/a>\n\t\t\t\t<div class=\"elementor-post__text\">\n\t\t\t\t<h3 class=\"elementor-post__title\">\n\t\t\t<a href=\"https:\/\/convision.cl\/corredores\/seguro-agricola\/\" >\n\t\t\t\tSeguro Agr\u00edcola\t\t\t<\/a>\n\t\t<\/h3>\n\t\t\t\t<\/div>\n\t\t\t\t\t<\/div>\n\t\t<\/article>\n\t\t\t\t<article class=\"elementor-post elementor-grid-item post-330 post type-post status-publish format-standard has-post-thumbnail hentry category-empresas category-personales category-seguros\" role=\"listitem\">\n\t\t\t<div class=\"elementor-post__card\">\n\t\t\t\t<a class=\"elementor-post__thumbnail__link\" href=\"https:\/\/convision.cl\/corredores\/seguro-colectivo-de-vida-y-salud\/\" tabindex=\"-1\" ><div class=\"elementor-post__thumbnail\"><img decoding=\"async\" width=\"300\" height=\"151\" src=\"https:\/\/convision.cl\/corredores\/wp-content\/uploads\/2022\/09\/seguro-colectivo-vida-salud-1-300x151.jpg\" class=\"attachment-medium size-medium wp-image-331\" alt=\"\" srcset=\"https:\/\/convision.cl\/corredores\/wp-content\/uploads\/2022\/09\/seguro-colectivo-vida-salud-1-300x151.jpg 300w, https:\/\/convision.cl\/corredores\/wp-content\/uploads\/2022\/09\/seguro-colectivo-vida-salud-1.jpg 316w\" sizes=\"(max-width: 300px) 100vw, 300px\" \/><\/div><\/a>\n\t\t\t\t<div class=\"elementor-post__text\">\n\t\t\t\t<h3 class=\"elementor-post__title\">\n\t\t\t<a href=\"https:\/\/convision.cl\/corredores\/seguro-colectivo-de-vida-y-salud\/\" >\n\t\t\t\tSeguro Colectivo de Vida y Salud\t\t\t<\/a>\n\t\t<\/h3>\n\t\t\t\t<\/div>\n\t\t\t\t\t<\/div>\n\t\t<\/article>\n\t\t\t\t<article class=\"elementor-post elementor-grid-item post-326 post type-post status-publish format-standard has-post-thumbnail hentry category-empresas category-seguros\" role=\"listitem\">\n\t\t\t<div class=\"elementor-post__card\">\n\t\t\t\t<a class=\"elementor-post__thumbnail__link\" href=\"https:\/\/convision.cl\/corredores\/seguro-credito\/\" tabindex=\"-1\" ><div class=\"elementor-post__thumbnail\"><img fetchpriority=\"high\" decoding=\"async\" width=\"279\" height=\"181\" src=\"https:\/\/convision.cl\/corredores\/wp-content\/uploads\/2022\/09\/seguro-credito-1.jpg\" class=\"attachment-medium size-medium wp-image-328\" alt=\"\" \/><\/div><\/a>\n\t\t\t\t<div class=\"elementor-post__text\">\n\t\t\t\t<h3 class=\"elementor-post__title\">\n\t\t\t<a href=\"https:\/\/convision.cl\/corredores\/seguro-credito\/\" >\n\t\t\t\tSeguro Cr\u00e9dito\t\t\t<\/a>\n\t\t<\/h3>\n\t\t\t\t<\/div>\n\t\t\t\t\t<\/div>\n\t\t<\/article>\n\t\t\t\t<article class=\"elementor-post elementor-grid-item post-351 post type-post status-publish format-standard has-post-thumbnail hentry category-personales category-seguros\" role=\"listitem\">\n\t\t\t<div class=\"elementor-post__card\">\n\t\t\t\t<a class=\"elementor-post__thumbnail__link\" href=\"https:\/\/convision.cl\/corredores\/seguro-de-accidentes-personales\/\" tabindex=\"-1\" ><div class=\"elementor-post__thumbnail\"><img loading=\"lazy\" decoding=\"async\" width=\"300\" height=\"175\" src=\"https:\/\/convision.cl\/corredores\/wp-content\/uploads\/2022\/09\/accidentes-personales-2-300x175.jpg\" class=\"attachment-medium size-medium wp-image-353\" alt=\"\" srcset=\"https:\/\/convision.cl\/corredores\/wp-content\/uploads\/2022\/09\/accidentes-personales-2-300x175.jpg 300w, https:\/\/convision.cl\/corredores\/wp-content\/uploads\/2022\/09\/accidentes-personales-2.jpg 600w\" sizes=\"(max-width: 300px) 100vw, 300px\" \/><\/div><\/a>\n\t\t\t\t<div class=\"elementor-post__text\">\n\t\t\t\t<h3 class=\"elementor-post__title\">\n\t\t\t<a href=\"https:\/\/convision.cl\/corredores\/seguro-de-accidentes-personales\/\" >\n\t\t\t\tSeguro de Accidentes Personales\t\t\t<\/a>\n\t\t<\/h3>\n\t\t\t\t<\/div>\n\t\t\t\t\t<\/div>\n\t\t<\/article>\n\t\t\t\t<article class=\"elementor-post elementor-grid-item post-345 post type-post status-publish format-standard has-post-thumbnail hentry category-empresas category-seguros\" role=\"listitem\">\n\t\t\t<div class=\"elementor-post__card\">\n\t\t\t\t<a class=\"elementor-post__thumbnail__link\" href=\"https:\/\/convision.cl\/corredores\/seguro-de-ingenieria-y-todo-riesgo-contruccion\/\" tabindex=\"-1\" ><div class=\"elementor-post__thumbnail\"><img loading=\"lazy\" decoding=\"async\" width=\"291\" height=\"173\" src=\"https:\/\/convision.cl\/corredores\/wp-content\/uploads\/2022\/09\/seguro-ingenieria-todo-riesgo-contruccion.jpg\" class=\"attachment-medium size-medium wp-image-346\" alt=\"\" \/><\/div><\/a>\n\t\t\t\t<div class=\"elementor-post__text\">\n\t\t\t\t<h3 class=\"elementor-post__title\">\n\t\t\t<a href=\"https:\/\/convision.cl\/corredores\/seguro-de-ingenieria-y-todo-riesgo-contruccion\/\" >\n\t\t\t\tSeguro de Ingenier\u00eda y Todo Riesgo Contrucci\u00f3n\t\t\t<\/a>\n\t\t<\/h3>\n\t\t\t\t<\/div>\n\t\t\t\t\t<\/div>\n\t\t<\/article>\n\t\t\t\t<article class=\"elementor-post elementor-grid-item post-340 post type-post status-publish format-standard has-post-thumbnail hentry category-empresas category-personales category-seguros\" role=\"listitem\">\n\t\t\t<div class=\"elementor-post__card\">\n\t\t\t\t<a class=\"elementor-post__thumbnail__link\" href=\"https:\/\/convision.cl\/corredores\/seguro-de-robo-y-seguro-de-cristales\/\" tabindex=\"-1\" ><div class=\"elementor-post__thumbnail\"><img loading=\"lazy\" decoding=\"async\" width=\"259\" height=\"194\" src=\"https:\/\/convision.cl\/corredores\/wp-content\/uploads\/2022\/09\/seguro-robo-1.jpg\" class=\"attachment-medium size-medium wp-image-342\" alt=\"\" \/><\/div><\/a>\n\t\t\t\t<div class=\"elementor-post__text\">\n\t\t\t\t<h3 class=\"elementor-post__title\">\n\t\t\t<a href=\"https:\/\/convision.cl\/corredores\/seguro-de-robo-y-seguro-de-cristales\/\" >\n\t\t\t\tSeguro de Robo y Seguro de Cristales\t\t\t<\/a>\n\t\t<\/h3>\n\t\t\t\t<\/div>\n\t\t\t\t\t<\/div>\n\t\t<\/article>\n\t\t\t\t<article class=\"elementor-post elementor-grid-item post-355 post type-post status-publish format-standard has-post-thumbnail hentry category-empresas category-personales category-seguros\" role=\"listitem\">\n\t\t\t<div class=\"elementor-post__card\">\n\t\t\t\t<a class=\"elementor-post__thumbnail__link\" href=\"https:\/\/convision.cl\/corredores\/seguro-de-viaje\/\" tabindex=\"-1\" ><div class=\"elementor-post__thumbnail\"><img loading=\"lazy\" decoding=\"async\" width=\"300\" height=\"200\" src=\"https:\/\/convision.cl\/corredores\/wp-content\/uploads\/2022\/09\/seguro-de-viajes-300x200.jpg\" class=\"attachment-medium size-medium wp-image-356\" alt=\"\" srcset=\"https:\/\/convision.cl\/corredores\/wp-content\/uploads\/2022\/09\/seguro-de-viajes-300x200.jpg 300w, https:\/\/convision.cl\/corredores\/wp-content\/uploads\/2022\/09\/seguro-de-viajes-1024x683.jpg 1024w, https:\/\/convision.cl\/corredores\/wp-content\/uploads\/2022\/09\/seguro-de-viajes-768x512.jpg 768w, https:\/\/convision.cl\/corredores\/wp-content\/uploads\/2022\/09\/seguro-de-viajes.jpg 1080w\" sizes=\"(max-width: 300px) 100vw, 300px\" \/><\/div><\/a>\n\t\t\t\t<div class=\"elementor-post__text\">\n\t\t\t\t<h3 class=\"elementor-post__title\">\n\t\t\t<a href=\"https:\/\/convision.cl\/corredores\/seguro-de-viaje\/\" >\n\t\t\t\tSeguro de Viaje\t\t\t<\/a>\n\t\t<\/h3>\n\t\t\t\t<\/div>\n\t\t\t\t\t<\/div>\n\t\t<\/article>\n\t\t\t\t<article class=\"elementor-post elementor-grid-item post-323 post type-post status-publish format-standard has-post-thumbnail hentry category-empresas category-seguros\" role=\"listitem\">\n\t\t\t<div class=\"elementor-post__card\">\n\t\t\t\t<a class=\"elementor-post__thumbnail__link\" href=\"https:\/\/convision.cl\/corredores\/seguro-garantia\/\" tabindex=\"-1\" ><div class=\"elementor-post__thumbnail\"><img loading=\"lazy\" decoding=\"async\" width=\"279\" height=\"181\" src=\"https:\/\/convision.cl\/corredores\/wp-content\/uploads\/2022\/09\/seguro-garantia-1.jpg\" class=\"attachment-medium size-medium wp-image-324\" alt=\"\" \/><\/div><\/a>\n\t\t\t\t<div class=\"elementor-post__text\">\n\t\t\t\t<h3 class=\"elementor-post__title\">\n\t\t\t<a href=\"https:\/\/convision.cl\/corredores\/seguro-garantia\/\" >\n\t\t\t\tSeguro Garant\u00eda\t\t\t<\/a>\n\t\t<\/h3>\n\t\t\t\t<\/div>\n\t\t\t\t\t<\/div>\n\t\t<\/article>\n\t\t\t\t<article class=\"elementor-post elementor-grid-item post-314 post type-post status-publish format-standard has-post-thumbnail hentry category-empresas category-personales category-seguros\" role=\"listitem\">\n\t\t\t<div class=\"elementor-post__card\">\n\t\t\t\t<a class=\"elementor-post__thumbnail__link\" href=\"https:\/\/convision.cl\/corredores\/seguro-incendio\/\" tabindex=\"-1\" ><div class=\"elementor-post__thumbnail\"><img loading=\"lazy\" decoding=\"async\" width=\"279\" height=\"181\" src=\"https:\/\/convision.cl\/corredores\/wp-content\/uploads\/2022\/09\/seguro-incendio-1.jpg\" class=\"attachment-medium size-medium wp-image-315\" alt=\"\" \/><\/div><\/a>\n\t\t\t\t<div class=\"elementor-post__text\">\n\t\t\t\t<h3 class=\"elementor-post__title\">\n\t\t\t<a href=\"https:\/\/convision.cl\/corredores\/seguro-incendio\/\" >\n\t\t\t\tSeguro Incendio\t\t\t<\/a>\n\t\t<\/h3>\n\t\t\t\t<\/div>\n\t\t\t\t\t<\/div>\n\t\t<\/article>\n\t\t\t\t<article class=\"elementor-post elementor-grid-item post-291 post type-post status-publish format-standard has-post-thumbnail hentry category-empresas category-personales category-seguros\" role=\"listitem\">\n\t\t\t<div class=\"elementor-post__card\">\n\t\t\t\t<a class=\"elementor-post__thumbnail__link\" href=\"https:\/\/convision.cl\/corredores\/responsabilidad-civil\/\" tabindex=\"-1\" ><div class=\"elementor-post__thumbnail\"><img loading=\"lazy\" decoding=\"async\" width=\"206\" height=\"300\" src=\"https:\/\/convision.cl\/corredores\/wp-content\/uploads\/2022\/11\/Seguro-RC-206x300.jpg\" class=\"attachment-medium size-medium wp-image-592\" alt=\"\" srcset=\"https:\/\/convision.cl\/corredores\/wp-content\/uploads\/2022\/11\/Seguro-RC-206x300.jpg 206w, https:\/\/convision.cl\/corredores\/wp-content\/uploads\/2022\/11\/Seguro-RC-703x1024.jpg 703w, https:\/\/convision.cl\/corredores\/wp-content\/uploads\/2022\/11\/Seguro-RC.jpg 741w\" sizes=\"(max-width: 206px) 100vw, 206px\" \/><\/div><\/a>\n\t\t\t\t<div class=\"elementor-post__text\">\n\t\t\t\t<h3 class=\"elementor-post__title\">\n\t\t\t<a href=\"https:\/\/convision.cl\/corredores\/responsabilidad-civil\/\" >\n\t\t\t\tSeguro Responsabilidad Civil\t\t\t<\/a>\n\t\t<\/h3>\n\t\t\t\t<\/div>\n\t\t\t\t\t<\/div>\n\t\t<\/article>\n\t\t\t\t<article class=\"elementor-post elementor-grid-item post-348 post type-post status-publish format-standard has-post-thumbnail hentry category-empresas category-seguros\" role=\"listitem\">\n\t\t\t<div class=\"elementor-post__card\">\n\t\t\t\t<a class=\"elementor-post__thumbnail__link\" href=\"https:\/\/convision.cl\/corredores\/seguros-de-transportes-y-casco-maritimo\/\" tabindex=\"-1\" ><div class=\"elementor-post__thumbnail\"><img loading=\"lazy\" decoding=\"async\" width=\"300\" height=\"201\" src=\"https:\/\/convision.cl\/corredores\/wp-content\/uploads\/2022\/11\/maritimo-2-e1669220156823-300x201.jpg\" class=\"attachment-medium size-medium wp-image-590\" alt=\"\" srcset=\"https:\/\/convision.cl\/corredores\/wp-content\/uploads\/2022\/11\/maritimo-2-e1669220156823-300x201.jpg 300w, https:\/\/convision.cl\/corredores\/wp-content\/uploads\/2022\/11\/maritimo-2-e1669220156823.jpg 680w\" sizes=\"(max-width: 300px) 100vw, 300px\" \/><\/div><\/a>\n\t\t\t\t<div class=\"elementor-post__text\">\n\t\t\t\t<h3 class=\"elementor-post__title\">\n\t\t\t<a href=\"https:\/\/convision.cl\/corredores\/seguros-de-transportes-y-casco-maritimo\/\" >\n\t\t\t\tSeguros de Transportes y Casco Mar\u00edtimo\t\t\t<\/a>\n\t\t<\/h3>\n\t\t\t\t<\/div>\n\t\t\t\t\t<\/div>\n\t\t<\/article>\n\t\t\t\t<article class=\"elementor-post elementor-grid-item post-336 post type-post status-publish format-standard has-post-thumbnail hentry category-empresas category-seguros\" role=\"listitem\">\n\t\t\t<div class=\"elementor-post__card\">\n\t\t\t\t<a class=\"elementor-post__thumbnail__link\" href=\"https:\/\/convision.cl\/corredores\/perjuicios-y-paralizacion\/\" tabindex=\"-1\" ><div class=\"elementor-post__thumbnail\"><img loading=\"lazy\" decoding=\"async\" width=\"275\" height=\"183\" src=\"https:\/\/convision.cl\/corredores\/wp-content\/uploads\/2022\/09\/perjuicios-paralizacion-1.jpg\" class=\"attachment-medium size-medium wp-image-337\" alt=\"\" \/><\/div><\/a>\n\t\t\t\t<div class=\"elementor-post__text\">\n\t\t\t\t<h3 class=\"elementor-post__title\">\n\t\t\t<a href=\"https:\/\/convision.cl\/corredores\/perjuicios-y-paralizacion\/\" >\n\t\t\t\tSeguros Perjuicios y Paralizaci\u00f3n\t\t\t<\/a>\n\t\t<\/h3>\n\t\t\t\t<\/div>\n\t\t\t\t\t<\/div>\n\t\t<\/article>\n\t\t\t\t<article class=\"elementor-post elementor-grid-item post-317 post type-post status-publish format-standard has-post-thumbnail hentry category-empresas category-personales category-seguros\" role=\"listitem\">\n\t\t\t<div class=\"elementor-post__card\">\n\t\t\t\t<a class=\"elementor-post__thumbnail__link\" href=\"https:\/\/convision.cl\/corredores\/vehiculos-y-flotas\/\" tabindex=\"-1\" ><div class=\"elementor-post__thumbnail\"><img loading=\"lazy\" decoding=\"async\" width=\"279\" height=\"181\" src=\"https:\/\/convision.cl\/corredores\/wp-content\/uploads\/2022\/09\/vehiculos-flotas-1.jpg\" class=\"attachment-medium size-medium wp-image-318\" alt=\"\" \/><\/div><\/a>\n\t\t\t\t<div class=\"elementor-post__text\">\n\t\t\t\t<h3 class=\"elementor-post__title\">\n\t\t\t<a href=\"https:\/\/convision.cl\/corredores\/vehiculos-y-flotas\/\" >\n\t\t\t\tSeguros Veh\u00edculos y Flotas\t\t\t<\/a>\n\t\t<\/h3>\n\t\t\t\t<\/div>\n\t\t\t\t\t<\/div>\n\t\t<\/article>\n\t\t\t\t<\/div>\n\t\t\n\t\t\t\t\t\t<\/div>\n\t\t\t\t<\/div>\n\t\t\t\t\t<\/div>\n\t\t<\/div>\n\t\t\t\t\t<\/div>\n\t\t<\/section>\n\t\t\t\t<\/div>\n\t\t","protected":false},"excerpt":{"rendered":"<p>Nuestros Seguros Cubrimos todas tus necesidades Seguros para personas y empresas Soluciones de Seguro para PERSONAS y EMPRESAS bajo la premisa de la m\u00e1xima calidad<\/p>\n","protected":false},"author":3,"featured_media":0,"parent":0,"menu_order":0,"comment_status":"closed","ping_status":"closed","template":"","meta":{"footnotes":""},"class_list":["post-497","page","type-page","status-publish","hentry"],"yoast_head":"<!-- This site is optimized with the Yoast SEO plugin v27.6 - https:\/\/yoast.com\/product\/yoast-seo-wordpress\/ -->\n<title>Nuestros Seguros - Convision<\/title>\n<meta name=\"robots\" content=\"index, follow, max-snippet:-1, max-image-preview:large, max-video-preview:-1\" \/>\n<link rel=\"canonical\" href=\"https:\/\/convision.cl\/corredores\/nuestros-seguros\/\" \/>\n<meta property=\"og:locale\" content=\"es_ES\" \/>\n<meta property=\"og:type\" content=\"article\" \/>\n<meta property=\"og:title\" content=\"Nuestros Seguros - Convision\" \/>\n<meta property=\"og:description\" content=\"Nuestros Seguros Cubrimos todas tus necesidades Seguros para personas y empresas Soluciones de Seguro para PERSONAS y EMPRESAS bajo la premisa de la m\u00e1xima calidad\" \/>\n<meta property=\"og:url\" content=\"https:\/\/convision.cl\/corredores\/nuestros-seguros\/\" \/>\n<meta property=\"og:site_name\" content=\"Convision\" \/>\n<meta property=\"article:modified_time\" content=\"2022-11-16T15:24:23+00:00\" \/>\n<meta name=\"twitter:card\" content=\"summary_large_image\" \/>\n<meta name=\"twitter:label1\" content=\"Tiempo de lectura\" \/>\n\t<meta name=\"twitter:data1\" content=\"4 minutos\" \/>\n<script type=\"application\/ld+json\" class=\"yoast-schema-graph\">{\"@context\":\"https:\\\/\\\/schema.org\",\"@graph\":[{\"@type\":\"WebPage\",\"@id\":\"https:\\\/\\\/convision.cl\\\/corredores\\\/nuestros-seguros\\\/\",\"url\":\"https:\\\/\\\/convision.cl\\\/corredores\\\/nuestros-seguros\\\/\",\"name\":\"Nuestros Seguros - Convision\",\"isPartOf\":{\"@id\":\"https:\\\/\\\/convision.cl\\\/corredores\\\/#website\"},\"datePublished\":\"2022-10-03T19:54:18+00:00\",\"dateModified\":\"2022-11-16T15:24:23+00:00\",\"inLanguage\":\"es\",\"potentialAction\":[{\"@type\":\"ReadAction\",\"target\":[\"https:\\\/\\\/convision.cl\\\/corredores\\\/nuestros-seguros\\\/\"]}]},{\"@type\":\"WebSite\",\"@id\":\"https:\\\/\\\/convision.cl\\\/corredores\\\/#website\",\"url\":\"https:\\\/\\\/convision.cl\\\/corredores\\\/\",\"name\":\"Convision\",\"description\":\"Corredores de Seguros\",\"publisher\":{\"@id\":\"https:\\\/\\\/convision.cl\\\/corredores\\\/#organization\"},\"potentialAction\":[{\"@type\":\"SearchAction\",\"target\":{\"@type\":\"EntryPoint\",\"urlTemplate\":\"https:\\\/\\\/convision.cl\\\/corredores\\\/?s={search_term_string}\"},\"query-input\":{\"@type\":\"PropertyValueSpecification\",\"valueRequired\":true,\"valueName\":\"search_term_string\"}}],\"inLanguage\":\"es\"},{\"@type\":\"Organization\",\"@id\":\"https:\\\/\\\/convision.cl\\\/corredores\\\/#organization\",\"name\":\"Convision\",\"url\":\"https:\\\/\\\/convision.cl\\\/corredores\\\/\",\"logo\":{\"@type\":\"ImageObject\",\"inLanguage\":\"es\",\"@id\":\"https:\\\/\\\/convision.cl\\\/corredores\\\/#\\\/schema\\\/logo\\\/image\\\/\",\"url\":\"https:\\\/\\\/convision.cl\\\/corredores\\\/wp-content\\\/uploads\\\/2022\\\/09\\\/convision-corredores-seguros-logo-e1664801942923.png\",\"contentUrl\":\"https:\\\/\\\/convision.cl\\\/corredores\\\/wp-content\\\/uploads\\\/2022\\\/09\\\/convision-corredores-seguros-logo-e1664801942923.png\",\"width\":150,\"height\":94,\"caption\":\"Convision\"},\"image\":{\"@id\":\"https:\\\/\\\/convision.cl\\\/corredores\\\/#\\\/schema\\\/logo\\\/image\\\/\"}}]}<\/script>\n<!-- \/ Yoast SEO plugin. -->","yoast_head_json":{"title":"Nuestros Seguros - Convision","robots":{"index":"index","follow":"follow","max-snippet":"max-snippet:-1","max-image-preview":"max-image-preview:large","max-video-preview":"max-video-preview:-1"},"canonical":"https:\/\/convision.cl\/corredores\/nuestros-seguros\/","og_locale":"es_ES","og_type":"article","og_title":"Nuestros Seguros - Convision","og_description":"Nuestros Seguros Cubrimos todas tus necesidades Seguros para personas y empresas Soluciones de Seguro para PERSONAS y EMPRESAS bajo la premisa de la m\u00e1xima calidad","og_url":"https:\/\/convision.cl\/corredores\/nuestros-seguros\/","og_site_name":"Convision","article_modified_time":"2022-11-16T15:24:23+00:00","twitter_card":"summary_large_image","twitter_misc":{"Tiempo de lectura":"4 minutos"},"schema":{"@context":"https:\/\/schema.org","@graph":[{"@type":"WebPage","@id":"https:\/\/convision.cl\/corredores\/nuestros-seguros\/","url":"https:\/\/convision.cl\/corredores\/nuestros-seguros\/","name":"Nuestros Seguros - Convision","isPartOf":{"@id":"https:\/\/convision.cl\/corredores\/#website"},"datePublished":"2022-10-03T19:54:18+00:00","dateModified":"2022-11-16T15:24:23+00:00","inLanguage":"es","potentialAction":[{"@type":"ReadAction","target":["https:\/\/convision.cl\/corredores\/nuestros-seguros\/"]}]},{"@type":"WebSite","@id":"https:\/\/convision.cl\/corredores\/#website","url":"https:\/\/convision.cl\/corredores\/","name":"Convision","description":"Corredores de Seguros","publisher":{"@id":"https:\/\/convision.cl\/corredores\/#organization"},"potentialAction":[{"@type":"SearchAction","target":{"@type":"EntryPoint","urlTemplate":"https:\/\/convision.cl\/corredores\/?s={search_term_string}"},"query-input":{"@type":"PropertyValueSpecification","valueRequired":true,"valueName":"search_term_string"}}],"inLanguage":"es"},{"@type":"Organization","@id":"https:\/\/convision.cl\/corredores\/#organization","name":"Convision","url":"https:\/\/convision.cl\/corredores\/","logo":{"@type":"ImageObject","inLanguage":"es","@id":"https:\/\/convision.cl\/corredores\/#\/schema\/logo\/image\/","url":"https:\/\/convision.cl\/corredores\/wp-content\/uploads\/2022\/09\/convision-corredores-seguros-logo-e1664801942923.png","contentUrl":"https:\/\/convision.cl\/corredores\/wp-content\/uploads\/2022\/09\/convision-corredores-seguros-logo-e1664801942923.png","width":150,"height":94,"caption":"Convision"},"image":{"@id":"https:\/\/convision.cl\/corredores\/#\/schema\/logo\/image\/"}}]}},"_links":{"self":[{"href":"https:\/\/convision.cl\/corredores\/wp-json\/wp\/v2\/pages\/497","targetHints":{"allow":["GET"]}}],"collection":[{"href":"https:\/\/convision.cl\/corredores\/wp-json\/wp\/v2\/pages"}],"about":[{"href":"https:\/\/convision.cl\/corredores\/wp-json\/wp\/v2\/types\/page"}],"author":[{"embeddable":true,"href":"https:\/\/convision.cl\/corredores\/wp-json\/wp\/v2\/users\/3"}],"replies":[{"embeddable":true,"href":"https:\/\/convision.cl\/corredores\/wp-json\/wp\/v2\/comments?post=497"}],"version-history":[{"count":10,"href":"https:\/\/convision.cl\/corredores\/wp-json\/wp\/v2\/pages\/497\/revisions"}],"predecessor-version":[{"id":584,"href":"https:\/\/convision.cl\/corredores\/wp-json\/wp\/v2\/pages\/497\/revisions\/584"}],"wp:attachment":[{"href":"https:\/\/convision.cl\/corredores\/wp-json\/wp\/v2\/media?parent=497"}],"curies":[{"name":"wp","href":"https:\/\/api.w.org\/{rel}","templated":true}]}}